{"id":506,"date":"2024-11-06T20:35:35","date_gmt":"2024-11-06T18:35:35","guid":{"rendered":"https:\/\/www.monelladvocats.com\/despacho\/"},"modified":"2026-02-03T12:54:32","modified_gmt":"2026-02-03T10:54:32","slug":"despacho","status":"publish","type":"page","link":"https:\/\/www.monelladvocats.com\/es\/despacho\/","title":{"rendered":"Despacho"},"content":{"rendered":"\t\t<div data-elementor-type=\"wp-page\" data-elementor-id=\"506\" class=\"elementor elementor-506 elementor-43\" data-elementor-post-type=\"page\">\n\t\t\t\t<div class=\"elementor-element elementor-element-f0b6204 e-flex e-con-boxed e-con e-parent\" data-id=\"f0b6204\" data-element_type=\"container\" data-e-type=\"container\" data-settings=\"{&quot;background_background&quot;:&quot;classic&quot;}\">\n\t\t\t\t\t<div class=\"e-con-inner\">\n\t\t\t\t<div class=\"elementor-element elementor-element-215799a elementor-widget elementor-widget-heading\" data-id=\"215799a\" data-element_type=\"widget\" data-e-type=\"widget\" data-widget_type=\"heading.default\">\n\t\t\t\t<div class=\"elementor-widget-container\">\n\t\t\t\t\t<h2 class=\"elementor-heading-title elementor-size-default\">Despacho<\/h2>\t\t\t\t<\/div>\n\t\t\t\t<\/div>\n\t\t\t\t\t<\/div>\n\t\t\t\t<\/div>\n\t\t<div class=\"elementor-element elementor-element-0b8f499 e-flex e-con-boxed e-con e-parent\" data-id=\"0b8f499\" data-element_type=\"container\" data-e-type=\"container\">\n\t\t\t\t\t<div class=\"e-con-inner\">\n\t\t<div class=\"elementor-element elementor-element-254784c e-con-full e-flex e-con e-child\" data-id=\"254784c\" data-element_type=\"container\" data-e-type=\"container\">\n\t\t\t\t<div class=\"elementor-element elementor-element-a683a79 elementor-widget elementor-widget-heading\" data-id=\"a683a79\" data-element_type=\"widget\" data-e-type=\"widget\" data-widget_type=\"heading.default\">\n\t\t\t\t<div class=\"elementor-widget-container\">\n\t\t\t\t\t<h3 class=\"elementor-heading-title elementor-size-default\">Monell Advocats inicia su trayectoria en septiembre de 1997, cuando Mar Monell Corominas, despu\u00e9s de cursar estudios de especializaci\u00f3n en derecho de familia, toma la decisi\u00f3n de fundar el bufete, alentada por un compa\u00f1ero de profesi\u00f3n.<\/h3>\t\t\t\t<\/div>\n\t\t\t\t<\/div>\n\t\t\t\t<div class=\"elementor-element elementor-element-ed7d097 elementor-widget elementor-widget-text-editor\" data-id=\"ed7d097\" data-element_type=\"widget\" data-e-type=\"widget\" data-widget_type=\"text-editor.default\">\n\t\t\t\t<div class=\"elementor-widget-container\">\n\t\t\t\t\t\t\t\t\tDesde los inicios, especializados nos hemos especializado precisamente en el derecho de familia, siendo un rehaciente en Catalu\u00f1a en la comarca. RI recientemente hemos emprendido dos nuevas ramas del derecho \u2500mercantil y penal \u2500 con profesionales de solera: Gemma Carb\u00f3 Picas y Antonio Miralles Amor\u00f3s, respectivamente. \t\t\t\t\t\t\t\t<\/div>\n\t\t\t\t<\/div>\n\t\t\t\t<\/div>\n\t\t<div class=\"elementor-element elementor-element-b91e532 e-con-full e-flex e-con e-child\" data-id=\"b91e532\" data-element_type=\"container\" data-e-type=\"container\">\n\t\t\t\t<\/div>\n\t\t\t\t\t<\/div>\n\t\t\t\t<\/div>\n\t\t<div class=\"elementor-element elementor-element-918f7b1 e-flex e-con-boxed e-con e-parent\" data-id=\"918f7b1\" data-element_type=\"container\" data-e-type=\"container\" data-settings=\"{&quot;background_background&quot;:&quot;classic&quot;}\">\n\t\t\t\t\t<div class=\"e-con-inner\">\n\t\t<div class=\"elementor-element elementor-element-6f2ee75 e-con-full e-flex e-con e-child\" data-id=\"6f2ee75\" data-element_type=\"container\" data-e-type=\"container\">\n\t\t\t\t<div class=\"elementor-element elementor-element-94450f8 elementor-widget elementor-widget-heading\" data-id=\"94450f8\" data-element_type=\"widget\" data-e-type=\"widget\" data-widget_type=\"heading.default\">\n\t\t\t\t<div class=\"elementor-widget-container\">\n\t\t\t\t\t<h2 class=\"elementor-heading-title elementor-size-default\">Nuestra firma se distingue por la sensibilidad legal,\n la confianza, la sinceridad, la proximidad, la metodolog\u00eda\n que aplicamos, la b\u00fasqueda constante de la excelencia\n y la innovaci\u00f3n en los servicios que ofrecemos.<\/h2>\t\t\t\t<\/div>\n\t\t\t\t<\/div>\n\t\t\t\t<\/div>\n\t\t\t\t\t<\/div>\n\t\t\t\t<\/div>\n\t\t<div class=\"elementor-element elementor-element-474f285 e-con-full e-flex e-con e-parent\" data-id=\"474f285\" data-element_type=\"container\" data-e-type=\"container\">\n\t\t<div class=\"elementor-element elementor-element-a690778 e-con-full e-flex e-con e-child\" data-id=\"a690778\" data-element_type=\"container\" data-e-type=\"container\">\n\t\t<div class=\"elementor-element elementor-element-f032026 e-con-full e-flex e-con e-child\" data-id=\"f032026\" data-element_type=\"container\" data-e-type=\"container\">\n\t\t\t\t<div class=\"elementor-element elementor-element-2ebadd3 elementor-widget elementor-widget-text-editor\" data-id=\"2ebadd3\" data-element_type=\"widget\" data-e-type=\"widget\" data-widget_type=\"text-editor.default\">\n\t\t\t\t<div class=\"elementor-widget-container\">\n\t\t\t\t\t\t\t\t\t<p>Cada cliente es \u00fanico y tiene unas necesidades concretas. Por eso escuchamos cada caso desde la empat\u00eda, la proximidad y la profesionalidad, para generar una relaci\u00f3n de confianza que es clave para que los procesos sean un \u00e9xito. Queremos que las personas que est\u00e1n pasando por una situaci\u00f3n emocionalmente delicada se sientan escuchadas y se establezca un clima de mutuo confianza que nos permita encontrar la soluci\u00f3n m\u00e1s id\u00f3nea para cada situaci\u00f3n; id\u00f3nea para cada situaci\u00f3n; acercando los procesos y direcci\u00f3n en el asesoramiento y defensa de un asunto al propio cliente.  <\/p><p>Creemos que la sinceridad es vital. Por eso nunca recomendamos al cliente ir a los tribunales si no vemos unas m\u00ednimas garant\u00edas de \u00e9xito. Estudiamos de forma rigurosa cada caso y valoramos con exhaustividad los distintos riesgos que comporta cada proceso. Tenemos una estad\u00edstica de \u00e9xito profesional del 95% de los casos sometidos a los tribunales, pues no nos permitimos riesgos innecesarios a menos que sean consensuados con los clientes.<\/p>\t\t\t\t\t\t\t\t<\/div>\n\t\t\t\t<\/div>\n\t\t\t\t<\/div>\n\t\t\t\t<\/div>\n\t\t<div class=\"elementor-element elementor-element-8ed6acd e-con-full e-flex e-con e-child\" data-id=\"8ed6acd\" data-element_type=\"container\" data-e-type=\"container\" data-settings=\"{&quot;background_background&quot;:&quot;classic&quot;}\">\n\t\t\t\t<\/div>\n\t\t\t\t<\/div>\n\t\t<div class=\"elementor-element elementor-element-cebdeee e-con-full e-flex e-con e-parent\" data-id=\"cebdeee\" data-element_type=\"container\" data-e-type=\"container\">\n\t\t<div class=\"elementor-element elementor-element-df16491 e-con-full e-flex e-con e-child\" data-id=\"df16491\" data-element_type=\"container\" data-e-type=\"container\" data-settings=\"{&quot;background_background&quot;:&quot;classic&quot;}\">\n\t\t\t\t<\/div>\n\t\t<div class=\"elementor-element elementor-element-e2416b7 e-con-full e-flex e-con e-child\" data-id=\"e2416b7\" data-element_type=\"container\" data-e-type=\"container\">\n\t\t<div class=\"elementor-element elementor-element-6bee148 e-con-full e-flex e-con e-child\" data-id=\"6bee148\" data-element_type=\"container\" data-e-type=\"container\">\n\t\t\t\t<div class=\"elementor-element elementor-element-39335b6 elementor-widget elementor-widget-text-editor\" data-id=\"39335b6\" data-element_type=\"widget\" data-e-type=\"widget\" data-widget_type=\"text-editor.default\">\n\t\t\t\t<div class=\"elementor-widget-container\">\n\t\t\t\t\t\t\t\t\t<p>Somos conscientes de que el lenguaje jur\u00eddico es pesado y dif\u00edcil de entender. Por eso procuramos que nuestras explicaciones sean llanas, para que el cliente entienda los pasos que se van siguiendo en cada momento. <\/p><p>Tambi\u00e9n sabemos que los procesos judiciales son largos y que, a menudo, los abogados y abogadas pecamos de trabajar mucho pero no informar al cliente. En el momento en que vivimos, en que la inmediatez es muy importante, hemos empezado a revertir esta situaci\u00f3n, intentando comunicar de forma puntual cada paso que damos. De esta forma, propiciamos a\u00fan m\u00e1s esta relaci\u00f3n de confianza mutua.  <\/p><p>El equipo de Monell Advocats somos rigurosos, exigentes y perfeccionistas y aplicamos un protocolo de actuaci\u00f3n muy pautado, buscando siempre la excelencia y que todo sea impecable. Todo esto nos ha tra\u00eddo muchos logros profesionales a lo largo de los a\u00f1os de trayectoria.<\/p>\t\t\t\t\t\t\t\t<\/div>\n\t\t\t\t<\/div>\n\t\t\t\t<\/div>\n\t\t\t\t<\/div>\n\t\t\t\t<\/div>\n\t\t<div class=\"elementor-element elementor-element-b12a821 e-flex e-con-boxed e-con e-parent\" data-id=\"b12a821\" data-element_type=\"container\" data-e-type=\"container\" data-settings=\"{&quot;background_background&quot;:&quot;classic&quot;}\">\n\t\t\t\t\t<div class=\"e-con-inner\">\n\t\t<div class=\"elementor-element elementor-element-02d72db e-con-full e-flex e-con e-child\" data-id=\"02d72db\" data-element_type=\"container\" data-e-type=\"container\">\n\t\t\t\t<div class=\"elementor-element elementor-element-34f06f0 elementor-widget elementor-widget-heading\" data-id=\"34f06f0\" data-element_type=\"widget\" data-e-type=\"widget\" data-widget_type=\"heading.default\">\n\t\t\t\t<div class=\"elementor-widget-container\">\n\t\t\t\t\t<h2 class=\"elementor-heading-title elementor-size-default\">Si necesitas asesoramiento legal,\n contacta con nosotros!<\/h2>\t\t\t\t<\/div>\n\t\t\t\t<\/div>\n\t\t\t\t<div class=\"elementor-element elementor-element-fc61d62 elementor-align-center arrow-r elementor-widget elementor-widget-button\" data-id=\"fc61d62\" data-element_type=\"widget\" data-e-type=\"widget\" data-widget_type=\"button.default\">\n\t\t\t\t<div class=\"elementor-widget-container\">\n\t\t\t\t\t\t\t\t\t<div class=\"elementor-button-wrapper\">\n\t\t\t\t\t<a class=\"elementor-button elementor-button-link elementor-size-sm\" href=\"https:\/\/www.monelladvocats.com\/es\/contacto\/\">\n\t\t\t\t\t\t<span class=\"elementor-button-content-wrapper\">\n\t\t\t\t\t\t<span class=\"elementor-button-icon\">\n\t\t\t\t<svg xmlns=\"http:\/\/www.w3.org\/2000\/svg\" id=\"Layer_1\" viewBox=\"0 0 237.3 89\"><path d=\"M224,40.7L190,6.7c-2.1-2.1-5.5-2.1-7.6,0-2.1,2.1-2.1,5.5,0,7.6l24.9,24.9H11.8v10.7h195.5l-24.9,24.9c-2.1,2.1-2.1,5.5,0,7.6,2.1,2.1,5.5,2.1,7.6,0l34-34c2.1-2.1,2.1-5.5,0-7.6Z\"><\/path><\/svg>\t\t\t<\/span>\n\t\t\t\t\t\t\t\t\t<span class=\"elementor-button-text\">contactar<\/span>\n\t\t\t\t\t<\/span>\n\t\t\t\t\t<\/a>\n\t\t\t\t<\/div>\n\t\t\t\t\t\t\t\t<\/div>\n\t\t\t\t<\/div>\n\t\t\t\t<\/div>\n\t\t\t\t\t<\/div>\n\t\t\t\t<\/div>\n\t\t\t\t<\/div>\n\t\t","protected":false},"excerpt":{"rendered":"<p>Monell Advocats inicia su trayectoria en septiembre de 1997, cuando Mar Monell Corominas, despu\u00e9s de cursar estudios de especializaci\u00f3n en [&hellip;]<\/p>\n","protected":false},"author":1,"featured_media":0,"parent":0,"menu_order":0,"comment_status":"closed","ping_status":"closed","template":"","meta":{"_acf_changed":false,"_seopress_robots_primary_cat":"","_seopress_titles_title":"","_seopress_titles_desc":"","_seopress_robots_index":"","inline_featured_image":false,"site-sidebar-layout":"no-sidebar","site-content-layout":"","ast-site-content-layout":"full-width-container","site-content-style":"default","site-sidebar-style":"default","ast-global-header-display":"","ast-banner-title-visibility":"","ast-main-header-display":"","ast-hfb-above-header-display":"","ast-hfb-below-header-display":"","ast-hfb-mobile-header-display":"","site-post-title":"disabled","ast-breadcrumbs-content":"","ast-featured-img":"disabled","footer-sml-layout":"","ast-disable-related-posts":"","theme-transparent-header-meta":"default","adv-header-id-meta":"","stick-header-meta":"","header-above-stick-meta":"","header-main-stick-meta":"","header-below-stick-meta":"","astra-migrate-meta-layouts":"default","ast-page-background-enabled":"default","ast-page-background-meta":{"desktop":{"background-color":"var(--ast-global-color-4)","background-image":"","background-repeat":"repeat","background-position":"center center","background-size":"auto","background-attachment":"scroll","background-type":"","background-media":"","overlay-type":"","overlay-color":"","overlay-opacity":"","overlay-gradient":""},"tablet":{"background-color":"","background-image":"","background-repeat":"repeat","background-position":"center center","background-size":"auto","background-attachment":"scroll","background-type":"","background-media":"","overlay-type":"","overlay-color":"","overlay-opacity":"","overlay-gradient":""},"mobile":{"background-color":"","background-image":"","background-repeat":"repeat","background-position":"center center","background-size":"auto","background-attachment":"scroll","background-type":"","background-media":"","overlay-type":"","overlay-color":"","overlay-opacity":"","overlay-gradient":""}},"ast-content-background-meta":{"desktop":{"background-color":"var(--ast-global-color-5)","background-image":"","background-repeat":"repeat","background-position":"center center","background-size":"auto","background-attachment":"scroll","background-type":"","background-media":"","overlay-type":"","overlay-color":"","overlay-opacity":"","overlay-gradient":""},"tablet":{"background-color":"var(--ast-global-color-5)","background-image":"","background-repeat":"repeat","background-position":"center center","background-size":"auto","background-attachment":"scroll","background-type":"","background-media":"","overlay-type":"","overlay-color":"","overlay-opacity":"","overlay-gradient":""},"mobile":{"background-color":"var(--ast-global-color-5)","background-image":"","background-repeat":"repeat","background-position":"center center","background-size":"auto","background-attachment":"scroll","background-type":"","background-media":"","overlay-type":"","overlay-color":"","overlay-opacity":"","overlay-gradient":""}},"footnotes":""},"class_list":["post-506","page","type-page","status-publish","hentry"],"acf":[],"_links":{"self":[{"href":"https:\/\/www.monelladvocats.com\/es\/wp-json\/wp\/v2\/pages\/506","targetHints":{"allow":["GET"]}}],"collection":[{"href":"https:\/\/www.monelladvocats.com\/es\/wp-json\/wp\/v2\/pages"}],"about":[{"href":"https:\/\/www.monelladvocats.com\/es\/wp-json\/wp\/v2\/types\/page"}],"author":[{"embeddable":true,"href":"https:\/\/www.monelladvocats.com\/es\/wp-json\/wp\/v2\/users\/1"}],"replies":[{"embeddable":true,"href":"https:\/\/www.monelladvocats.com\/es\/wp-json\/wp\/v2\/comments?post=506"}],"version-history":[{"count":4,"href":"https:\/\/www.monelladvocats.com\/es\/wp-json\/wp\/v2\/pages\/506\/revisions"}],"predecessor-version":[{"id":1427,"href":"https:\/\/www.monelladvocats.com\/es\/wp-json\/wp\/v2\/pages\/506\/revisions\/1427"}],"wp:attachment":[{"href":"https:\/\/www.monelladvocats.com\/es\/wp-json\/wp\/v2\/media?parent=506"}],"curies":[{"name":"wp","href":"https:\/\/api.w.org\/{rel}","templated":true}]}}